{"id":829,"date":"2025-03-12T06:34:50","date_gmt":"2025-03-12T09:34:50","guid":{"rendered":"https:\/\/orleonebooking.com\/?page_id=829"},"modified":"2025-03-12T06:34:50","modified_gmt":"2025-03-12T09:34:50","slug":"demon-speed-merchandising","status":"publish","type":"page","link":"https:\/\/orleonebooking.com\/index.php\/demon-speed-merchandising\/","title":{"rendered":"DEMON SPEED MERCHANDISING"},"content":{"rendered":"\n<figure class=\"wp-block-image size-large\"><img loading=\"lazy\" decoding=\"async\" width=\"1024\" height=\"307\" src=\"https:\/\/orleonebooking.com\/wp-content\/uploads\/2025\/03\/DSM03-1024x307.jpg\" alt=\"\" class=\"wp-image-830\" srcset=\"https:\/\/orleonebooking.com\/wp-content\/uploads\/2025\/03\/DSM03-1024x307.jpg 1024w, https:\/\/orleonebooking.com\/wp-content\/uploads\/2025\/03\/DSM03-300x90.jpg 300w, https:\/\/orleonebooking.com\/wp-content\/uploads\/2025\/03\/DSM03-768x231.jpg 768w, https:\/\/orleonebooking.com\/wp-content\/uploads\/2025\/03\/DSM03-1536x461.jpg 1536w, https:\/\/orleonebooking.com\/wp-content\/uploads\/2025\/03\/DSM03-2048x615.jpg 2048w, https:\/\/orleonebooking.com\/wp-content\/uploads\/2025\/03\/DSM03-1000x300.jpg 1000w, https:\/\/orleonebooking.com\/wp-content\/uploads\/2025\/03\/DSM03-230x69.jpg 230w, https:\/\/orleonebooking.com\/wp-content\/uploads\/2025\/03\/DSM03-350x105.jpg 350w, https:\/\/orleonebooking.com\/wp-content\/uploads\/2025\/03\/DSM03-480x144.jpg 480w\" sizes=\"auto, (max-width: 1024px) 100vw, 1024px\" \/><\/figure>\n\n\n\n<p>ljfiawuhgfwnflsnv\u00e7arg\u00e7dfnblfdnboadgohndvndzgdto~inhzcmbkc\u00e7vbmgcnmxfg\u00e7nmc\u00e7<\/p>\n\n\n\n<p>bm kzgbpidgbmbkcbmfkmbk\u00e7zdmb\u00e7zmdbmfz<\/p>\n","protected":false},"excerpt":{"rendered":"<p>ljfiawuhgfwnflsnv\u00e7arg\u00e7dfnblfdnboadgohndvndzgdto~inhzcmbkc\u00e7vbmgcnmxfg\u00e7nmc\u00e7 bm kzgbpidgbmbkcbmfkmbk\u00e7zdmb\u00e7zmdbmfz<\/p>\n","protected":false},"author":2,"featured_media":0,"parent":0,"menu_order":0,"comment_status":"closed","ping_status":"closed","template":"","meta":{"footnotes":""},"class_list":["post-829","page","type-page","status-publish","hentry"],"_links":{"self":[{"href":"https:\/\/orleonebooking.com\/index.php\/wp-json\/wp\/v2\/pages\/829","targetHints":{"allow":["GET"]}}],"collection":[{"href":"https:\/\/orleonebooking.com\/index.php\/wp-json\/wp\/v2\/pages"}],"about":[{"href":"https:\/\/orleonebooking.com\/index.php\/wp-json\/wp\/v2\/types\/page"}],"author":[{"embeddable":true,"href":"https:\/\/orleonebooking.com\/index.php\/wp-json\/wp\/v2\/users\/2"}],"replies":[{"embeddable":true,"href":"https:\/\/orleonebooking.com\/index.php\/wp-json\/wp\/v2\/comments?post=829"}],"version-history":[{"count":1,"href":"https:\/\/orleonebooking.com\/index.php\/wp-json\/wp\/v2\/pages\/829\/revisions"}],"predecessor-version":[{"id":832,"href":"https:\/\/orleonebooking.com\/index.php\/wp-json\/wp\/v2\/pages\/829\/revisions\/832"}],"wp:attachment":[{"href":"https:\/\/orleonebooking.com\/index.php\/wp-json\/wp\/v2\/media?parent=829"}],"curies":[{"name":"wp","href":"https:\/\/api.w.org\/{rel}","templated":true}]}}